{"id":351,"date":"2025-07-02T15:32:27","date_gmt":"2025-07-02T15:32:27","guid":{"rendered":"https:\/\/lesenfantsdutaxidermiste.ch\/?page_id=351"},"modified":"2025-08-19T19:53:03","modified_gmt":"2025-08-19T19:53:03","slug":"renens_","status":"publish","type":"page","link":"https:\/\/lesenfantsdutaxidermiste.ch\/index.php\/renens_\/","title":{"rendered":"Renens_"},"content":{"rendered":"\t\t<div data-elementor-type=\"wp-page\" data-elementor-id=\"351\" class=\"elementor elementor-351\" data-elementor-post-type=\"page\">\n\t\t\t\t<div class=\"elementor-element elementor-element-b86a7cb e-con-full e-flex e-con e-parent\" data-id=\"b86a7cb\" data-element_type=\"container\" data-e-type=\"container\">\n\t\t<div class=\"elementor-element elementor-element-608de0c6 e-con-full e-flex e-con e-child\" data-id=\"608de0c6\" data-element_type=\"container\" data-e-type=\"container\">\n\t\t\t\t<div class=\"elementor-element elementor-element-294f7b5a elementor-widget elementor-widget-image\" data-id=\"294f7b5a\" data-element_type=\"widget\" data-e-type=\"widget\" data-widget_type=\"image.default\">\n\t\t\t\t<div class=\"elementor-widget-container\">\n\t\t\t\t\t\t\t\t\t\t\t\t\t\t\t\t<a href=\"https:\/\/lesenfantsdutaxidermiste.ch\/index.php\/balades\/\">\n\t\t\t\t\t\t\t<img fetchpriority=\"high\" decoding=\"async\" width=\"768\" height=\"768\" src=\"https:\/\/lesenfantsdutaxidermiste.ch\/wp-content\/uploads\/2025\/08\/20_DSC5338-768x768.jpg\" class=\"attachment-medium_large size-medium_large wp-image-750\" alt=\"\" srcset=\"https:\/\/lesenfantsdutaxidermiste.ch\/wp-content\/uploads\/2025\/08\/20_DSC5338-768x768.jpg 768w, https:\/\/lesenfantsdutaxidermiste.ch\/wp-content\/uploads\/2025\/08\/20_DSC5338-300x300.jpg 300w, https:\/\/lesenfantsdutaxidermiste.ch\/wp-content\/uploads\/2025\/08\/20_DSC5338-1024x1024.jpg 1024w, https:\/\/lesenfantsdutaxidermiste.ch\/wp-content\/uploads\/2025\/08\/20_DSC5338-150x150.jpg 150w, https:\/\/lesenfantsdutaxidermiste.ch\/wp-content\/uploads\/2025\/08\/20_DSC5338-1536x1536.jpg 1536w, https:\/\/lesenfantsdutaxidermiste.ch\/wp-content\/uploads\/2025\/08\/20_DSC5338.jpg 1920w\" sizes=\"(max-width: 768px) 100vw, 768px\" \/>\t\t\t\t\t\t\t\t<\/a>\n\t\t\t\t\t\t\t\t\t\t\t\t\t\t\t<\/div>\n\t\t\t\t<\/div>\n\t\t\t\t<\/div>\n\t\t<div class=\"elementor-element elementor-element-430a8c56 e-con-full e-flex e-con e-child\" data-id=\"430a8c56\" data-element_type=\"container\" data-e-type=\"container\">\n\t\t\t\t<div class=\"elementor-element elementor-element-4c7bd457 elementor-widget elementor-widget-heading\" data-id=\"4c7bd457\" data-element_type=\"widget\" data-e-type=\"widget\" data-widget_type=\"heading.default\">\n\t\t\t\t<div class=\"elementor-widget-container\">\n\t\t\t\t\t<h3 class=\"elementor-heading-title elementor-size-default\">Une vie de Chien<\/h3>\t\t\t\t<\/div>\n\t\t\t\t<\/div>\n\t\t\t\t<div class=\"elementor-element elementor-element-7996d14f elementor-widget elementor-widget-text-editor\" data-id=\"7996d14f\" data-element_type=\"widget\" data-e-type=\"widget\" data-widget_type=\"text-editor.default\">\n\t\t\t\t<div class=\"elementor-widget-container\">\n\t\t\t\t\t\t\t\t\t<h3 class=\"mt-3 dte-agenda\"><span class=\"txt-color\">Dans le cadre de Vive(z) l&rsquo;\u00e9t\u00e9\u00a0<\/span><\/h3><h3 class=\"mt-3 dte-agenda\"><span style=\"font-size: 21px;\">A partir du 16 ao\u00fbt jusqu&rsquo;au 31 ao\u00fbt 2025<\/span><\/h3><h3 class=\"mt-3 dte-agenda\"><span style=\"color: inherit; font-family: inherit; font-size: 1.5rem;\">Vagabondage canin avec Nathalie Kuttel<\/span><\/h3><p>La vie d\u2019un chien n\u2019est certainement pas la m\u00eame \u00e0 Buenos Aires ou \u00e0 Renens. Nathalie Kuttel retranscrit ses observations \u00e0 travers des photos, des dessins et des interviews. Un documentaire artistique investit les panneaux d\u2019affichage et s\u2019empare de l\u2019espace public.\u00a0<\/p><p>Nathalie vous emm\u00e8ne dans une balade pour d\u00e9couvrir son travail \u00e0 travers Renens et questionner ensemble la relation que nous entretenons avec nos compagnons \u00e0 quatre pattes.<\/p><p><strong>Samedi 16 ao\u00fbt \u00e0 11h <\/strong><strong>et dimanche 17 ao\u00fbt \u00e0 18h\u00a0<br \/><\/strong>Balade au d\u00e9part de la place du March\u00e9 de Renens<br \/>Chiens bienvenus &#8211; Dur\u00e9e environ 75 min.<\/p>\t\t\t\t\t\t\t\t<\/div>\n\t\t\t\t<\/div>\n\t\t\t\t<div class=\"elementor-element elementor-element-9e430d0 elementor-widget elementor-widget-image\" data-id=\"9e430d0\" data-element_type=\"widget\" data-e-type=\"widget\" data-widget_type=\"image.default\">\n\t\t\t\t<div class=\"elementor-widget-container\">\n\t\t\t\t\t\t\t\t\t\t\t\t\t\t\t<img decoding=\"async\" width=\"800\" height=\"441\" src=\"https:\/\/lesenfantsdutaxidermiste.ch\/wp-content\/uploads\/2025\/08\/map_Balade-1024x565.png\" class=\"attachment-large size-large wp-image-674\" alt=\"Map de la balade\" srcset=\"https:\/\/lesenfantsdutaxidermiste.ch\/wp-content\/uploads\/2025\/08\/map_Balade-1024x565.png 1024w, https:\/\/lesenfantsdutaxidermiste.ch\/wp-content\/uploads\/2025\/08\/map_Balade-300x166.png 300w, https:\/\/lesenfantsdutaxidermiste.ch\/wp-content\/uploads\/2025\/08\/map_Balade-768x424.png 768w, https:\/\/lesenfantsdutaxidermiste.ch\/wp-content\/uploads\/2025\/08\/map_Balade-1536x848.png 1536w, https:\/\/lesenfantsdutaxidermiste.ch\/wp-content\/uploads\/2025\/08\/map_Balade.png 1955w\" sizes=\"(max-width: 800px) 100vw, 800px\" \/>\t\t\t\t\t\t\t\t\t\t\t\t\t\t\t<\/div>\n\t\t\t\t<\/div>\n\t\t\t\t<\/div>\n\t\t\t\t<\/div>\n\t\t\t\t<\/div>\n\t\t","protected":false},"excerpt":{"rendered":"<p>Une vie de Chien Dans le cadre de Vive(z) l&rsquo;\u00e9t\u00e9\u00a0 A partir du 16 ao\u00fbt jusqu&rsquo;au 31 ao\u00fbt 2025 Vagabondage canin avec Nathalie Kuttel La vie d\u2019un chien n\u2019est certainement pas la m\u00eame \u00e0 Buenos Aires ou \u00e0 Renens. Nathalie Kuttel retranscrit ses observations \u00e0 travers des photos, des dessins et des interviews. Un documentaire [&hellip;]<\/p>\n","protected":false},"author":1,"featured_media":0,"parent":0,"menu_order":0,"comment_status":"closed","ping_status":"closed","template":"elementor_header_footer","meta":{"footnotes":""},"class_list":["post-351","page","type-page","status-publish","hentry"],"_links":{"self":[{"href":"https:\/\/lesenfantsdutaxidermiste.ch\/index.php\/wp-json\/wp\/v2\/pages\/351","targetHints":{"allow":["GET"]}}],"collection":[{"href":"https:\/\/lesenfantsdutaxidermiste.ch\/index.php\/wp-json\/wp\/v2\/pages"}],"about":[{"href":"https:\/\/lesenfantsdutaxidermiste.ch\/index.php\/wp-json\/wp\/v2\/types\/page"}],"author":[{"embeddable":true,"href":"https:\/\/lesenfantsdutaxidermiste.ch\/index.php\/wp-json\/wp\/v2\/users\/1"}],"replies":[{"embeddable":true,"href":"https:\/\/lesenfantsdutaxidermiste.ch\/index.php\/wp-json\/wp\/v2\/comments?post=351"}],"version-history":[{"count":48,"href":"https:\/\/lesenfantsdutaxidermiste.ch\/index.php\/wp-json\/wp\/v2\/pages\/351\/revisions"}],"predecessor-version":[{"id":786,"href":"https:\/\/lesenfantsdutaxidermiste.ch\/index.php\/wp-json\/wp\/v2\/pages\/351\/revisions\/786"}],"wp:attachment":[{"href":"https:\/\/lesenfantsdutaxidermiste.ch\/index.php\/wp-json\/wp\/v2\/media?parent=351"}],"curies":[{"name":"wp","href":"https:\/\/api.w.org\/{rel}","templated":true}]}}